{"id":38,"date":"2019-01-25T11:12:22","date_gmt":"2019-01-25T10:12:22","guid":{"rendered":"http:\/\/dev.maja.media\/niemiec\/?page_id=38"},"modified":"2024-11-26T23:02:32","modified_gmt":"2024-11-26T22:02:32","slug":"konzeption","status":"publish","type":"page","link":"https:\/\/jetzttext.de\/index.php\/konzeption\/","title":{"rendered":"Konzeption"},"content":{"rendered":"<p>[et_pb_section fb_built=&#8220;1&#8243; _builder_version=&#8220;4.16&#8243; use_background_color_gradient=&#8220;on&#8220; background_color_gradient_stops=&#8220;rgba(0,0,0,0.51) 0%|rgba(0,0,0,0) 100%&#8220; background_color_gradient_overlays_image=&#8220;on&#8220; background_color_gradient_start=&#8220;rgba(0,0,0,0.51)&#8220; background_color_gradient_end=&#8220;rgba(0,0,0,0)&#8220; background_image=&#8220;https:\/\/jetzttext.de\/wp-content\/uploads\/2019\/06\/schody.jpg&#8220; custom_padding=&#8220;54px|0px|0px|0px&#8220; border_color_all=&#8220;#98ab84&#8243; border_width_bottom=&#8220;15px&#8220; global_colors_info=&#8220;{}&#8220;][et_pb_row use_custom_gutter=&#8220;on&#8220; gutter_width=&#8220;2&#8243; _builder_version=&#8220;4.16&#8243; module_alignment=&#8220;center&#8220; custom_margin=&#8220;0px||0px|&#8220; custom_padding=&#8220;150px||0px|&#8220; global_colors_info=&#8220;{}&#8220; column_structure=&#8220;1_4,1_4,1_4,1_4&#8243;][et_pb_column type=&#8220;1_4&#8243; _builder_version=&#8220;4.16&#8243; background_color=&#8220;#769899&#8243; custom_padding=&#8220;|||&#8220; global_colors_info=&#8220;{}&#8220; custom_padding__hover=&#8220;|||&#8220;][et_pb_button button_url=&#8220;https:\/\/jetzttext.de\/index.php\/text\/&#8220; button_text=&#8220;TEXT&#8220; button_alignment=&#8220;center&#8220; _builder_version=&#8220;4.16&#8243; custom_button=&#8220;on&#8220; button_text_size=&#8220;16px&#8220; button_text_color=&#8220;#ffffff&#8220; button_border_width=&#8220;0px&#8220; button_border_radius=&#8220;0px&#8220; button_font=&#8220;||||||||&#8220; button_use_icon=&#8220;off&#8220; global_colors_info=&#8220;{}&#8220; button_text_size__hover_enabled=&#8220;off&#8220; button_one_text_size__hover_enabled=&#8220;off&#8220; button_two_text_size__hover_enabled=&#8220;off&#8220; button_text_color__hover_enabled=&#8220;off&#8220; button_one_text_color__hover_enabled=&#8220;off&#8220; button_two_text_color__hover_enabled=&#8220;off&#8220; button_border_width__hover_enabled=&#8220;off&#8220; button_one_border_width__hover_enabled=&#8220;off&#8220; button_two_border_width__hover_enabled=&#8220;off&#8220; button_border_color__hover_enabled=&#8220;off&#8220; button_one_border_color__hover_enabled=&#8220;off&#8220; button_two_border_color__hover_enabled=&#8220;off&#8220; button_border_radius__hover_enabled=&#8220;off&#8220; button_one_border_radius__hover_enabled=&#8220;off&#8220; button_two_border_radius__hover_enabled=&#8220;off&#8220; button_letter_spacing__hover_enabled=&#8220;off&#8220; button_one_letter_spacing__hover_enabled=&#8220;off&#8220; button_two_letter_spacing__hover_enabled=&#8220;off&#8220; button_bg_color__hover_enabled=&#8220;off&#8220; button_one_bg_color__hover_enabled=&#8220;off&#8220; button_two_bg_color__hover_enabled=&#8220;off&#8220;]&nbsp;<br \/>\n[\/et_pb_button][\/et_pb_column][et_pb_column type=&#8220;1_4&#8243; _builder_version=&#8220;4.16&#8243; background_color=&#8220;#98ab84&#8243; custom_padding=&#8220;|||&#8220; global_colors_info=&#8220;{}&#8220; custom_padding__hover=&#8220;|||&#8220;][et_pb_button button_url=&#8220;https:\/\/jetzttext.de\/index.php\/konzeption\/&#8220; button_text=&#8220;KONZEPTION&#8220; button_alignment=&#8220;center&#8220; _builder_version=&#8220;4.16&#8243; custom_button=&#8220;on&#8220; button_text_size=&#8220;16px&#8220; button_text_color=&#8220;#ffffff&#8220; button_border_width=&#8220;0px&#8220; button_border_radius=&#8220;0px&#8220; button_font=&#8220;||||||||&#8220; button_use_icon=&#8220;off&#8220; global_colors_info=&#8220;{}&#8220; button_text_size__hover_enabled=&#8220;off&#8220; button_one_text_size__hover_enabled=&#8220;off&#8220; button_two_text_size__hover_enabled=&#8220;off&#8220; button_text_color__hover_enabled=&#8220;off&#8220; button_one_text_color__hover_enabled=&#8220;off&#8220; button_two_text_color__hover_enabled=&#8220;off&#8220; button_border_width__hover_enabled=&#8220;off&#8220; button_one_border_width__hover_enabled=&#8220;off&#8220; button_two_border_width__hover_enabled=&#8220;off&#8220; button_border_color__hover_enabled=&#8220;off&#8220; button_one_border_color__hover_enabled=&#8220;off&#8220; button_two_border_color__hover_enabled=&#8220;off&#8220; button_border_radius__hover_enabled=&#8220;off&#8220; button_one_border_radius__hover_enabled=&#8220;off&#8220; button_two_border_radius__hover_enabled=&#8220;off&#8220; button_letter_spacing__hover_enabled=&#8220;off&#8220; button_one_letter_spacing__hover_enabled=&#8220;off&#8220; button_two_letter_spacing__hover_enabled=&#8220;off&#8220; button_bg_color__hover_enabled=&#8220;off&#8220; button_one_bg_color__hover_enabled=&#8220;off&#8220; button_two_bg_color__hover_enabled=&#8220;off&#8220;]&nbsp;<br \/>\n[\/et_pb_button][\/et_pb_column][et_pb_column type=&#8220;1_4&#8243; _builder_version=&#8220;4.16&#8243; background_color=&#8220;#b3a36d&#8220; custom_padding=&#8220;|||&#8220; global_colors_info=&#8220;{}&#8220; custom_padding__hover=&#8220;|||&#8220;][et_pb_button button_url=&#8220;https:\/\/jetzttext.de\/index.php\/moderation\/&#8220; button_text=&#8220;MODERATION&#8220; button_alignment=&#8220;center&#8220; _builder_version=&#8220;4.16&#8243; custom_button=&#8220;on&#8220; button_text_size=&#8220;16px&#8220; button_text_color=&#8220;#ffffff&#8220; button_border_width=&#8220;0px&#8220; button_border_radius=&#8220;0px&#8220; button_font=&#8220;||||||||&#8220; button_use_icon=&#8220;off&#8220; global_colors_info=&#8220;{}&#8220; button_text_size__hover_enabled=&#8220;off&#8220; button_one_text_size__hover_enabled=&#8220;off&#8220; button_two_text_size__hover_enabled=&#8220;off&#8220; button_text_color__hover_enabled=&#8220;off&#8220; button_one_text_color__hover_enabled=&#8220;off&#8220; button_two_text_color__hover_enabled=&#8220;off&#8220; button_border_width__hover_enabled=&#8220;off&#8220; button_one_border_width__hover_enabled=&#8220;off&#8220; button_two_border_width__hover_enabled=&#8220;off&#8220; button_border_color__hover_enabled=&#8220;off&#8220; button_one_border_color__hover_enabled=&#8220;off&#8220; button_two_border_color__hover_enabled=&#8220;off&#8220; button_border_radius__hover_enabled=&#8220;off&#8220; button_one_border_radius__hover_enabled=&#8220;off&#8220; button_two_border_radius__hover_enabled=&#8220;off&#8220; button_letter_spacing__hover_enabled=&#8220;off&#8220; button_one_letter_spacing__hover_enabled=&#8220;off&#8220; button_two_letter_spacing__hover_enabled=&#8220;off&#8220; button_bg_color__hover_enabled=&#8220;off&#8220; button_one_bg_color__hover_enabled=&#8220;off&#8220; button_two_bg_color__hover_enabled=&#8220;off&#8220;]&nbsp;<br \/>\n[\/et_pb_button][\/et_pb_column][et_pb_column type=&#8220;1_4&#8243; _builder_version=&#8220;4.16&#8243; background_color=&#8220;#a48377&#8243; custom_padding=&#8220;|||&#8220; global_colors_info=&#8220;{}&#8220; custom_padding__hover=&#8220;|||&#8220;][et_pb_button button_url=&#8220;https:\/\/jetzttext.de\/index.php\/coaching\/&#8220; button_text=&#8220;COACHING&#8220; button_alignment=&#8220;center&#8220; _builder_version=&#8220;4.16&#8243; custom_button=&#8220;on&#8220; button_text_size=&#8220;16px&#8220; button_text_color=&#8220;#ffffff&#8220; button_border_width=&#8220;0px&#8220; button_border_radius=&#8220;0px&#8220; button_font=&#8220;||||||||&#8220; button_use_icon=&#8220;off&#8220; global_colors_info=&#8220;{}&#8220; button_text_size__hover_enabled=&#8220;off&#8220; button_one_text_size__hover_enabled=&#8220;off&#8220; button_two_text_size__hover_enabled=&#8220;off&#8220; button_text_color__hover_enabled=&#8220;off&#8220; button_one_text_color__hover_enabled=&#8220;off&#8220; button_two_text_color__hover_enabled=&#8220;off&#8220; button_border_width__hover_enabled=&#8220;off&#8220; button_one_border_width__hover_enabled=&#8220;off&#8220; button_two_border_width__hover_enabled=&#8220;off&#8220; button_border_color__hover_enabled=&#8220;off&#8220; button_one_border_color__hover_enabled=&#8220;off&#8220; button_two_border_color__hover_enabled=&#8220;off&#8220; button_border_radius__hover_enabled=&#8220;off&#8220; button_one_border_radius__hover_enabled=&#8220;off&#8220; button_two_border_radius__hover_enabled=&#8220;off&#8220; button_letter_spacing__hover_enabled=&#8220;off&#8220; button_one_letter_spacing__hover_enabled=&#8220;off&#8220; button_two_letter_spacing__hover_enabled=&#8220;off&#8220; button_bg_color__hover_enabled=&#8220;off&#8220; button_one_bg_color__hover_enabled=&#8220;off&#8220; button_two_bg_color__hover_enabled=&#8220;off&#8220;]&nbsp;<br \/>\n[\/et_pb_button][\/et_pb_column][\/et_pb_row][\/et_pb_section][et_pb_section fb_built=&#8220;1&#8243; _builder_version=&#8220;4.16&#8243; global_colors_info=&#8220;{}&#8220;][et_pb_row disabled_on=&#8220;on|on|on&#8220; _builder_version=&#8220;4.16&#8243; background_size=&#8220;initial&#8220; background_position=&#8220;top_left&#8220; background_repeat=&#8220;repeat&#8220; global_colors_info=&#8220;{}&#8220;][et_pb_column type=&#8220;4_4&#8243; _builder_version=&#8220;4.16&#8243; custom_padding=&#8220;|||&#8220; global_colors_info=&#8220;{}&#8220; custom_padding__hover=&#8220;|||&#8220;][et_pb_post_title meta=&#8220;off&#8220; featured_image=&#8220;off&#8220; _builder_version=&#8220;4.16&#8243; title_font=&#8220;|700||on|on||||&#8220; title_text_color=&#8220;#000000&#8243; global_colors_info=&#8220;{}&#8220;]&nbsp;<br \/>\n[\/et_pb_post_title][\/et_pb_column][\/et_pb_row][et_pb_row _builder_version=&#8220;4.16&#8243; background_size=&#8220;initial&#8220; background_position=&#8220;top_left&#8220; background_repeat=&#8220;repeat&#8220; global_colors_info=&#8220;{}&#8220;][et_pb_column type=&#8220;4_4&#8243; _builder_version=&#8220;4.16&#8243; custom_padding=&#8220;|||&#8220; global_colors_info=&#8220;{}&#8220; custom_padding__hover=&#8220;|||&#8220;][et_pb_text _builder_version=&#8220;4.16&#8243; text_font=&#8220;||||||||&#8220; text_font_size=&#8220;16px&#8220; text_line_height=&#8220;1.8em&#8220; header_font=&#8220;||||||||&#8220; header_2_font=&#8220;Calibri||||||||&#8220; header_2_font_size=&#8220;23px&#8220; global_colors_info=&#8220;{}&#8220;]<\/p>\n<h2><strong>Ein Printprodukt, das Ihre Zielgruppe begeistert<\/strong><\/h2>\n<p>Am Anfang steht Ihr Wunsch: Kundenmagazin, Unternehmensportr\u00e4t, Festschrift, Verbandsheft, Flyer oder Brosch\u00fcre. Von mir und meinem Team bekommen Sie erst ein zielgruppengerechtes Konzept und einen ansprechenden, kreativen Layout-Entwurf. Dann Texte, die Lust aufs Lesen machen \u2013 und am Ende des Prozesses ein druckfertiges Produkt. Ihr Vorteil: Die gesamte Produktion liegt in einer Hand.<\/p>\n<p><strong>Einblicke in ausgew\u00e4hlte Projekte finden Sie hier:<\/strong><br \/>\n[\/et_pb_text][\/et_pb_column][\/et_pb_row][et_pb_row _builder_version=&#8220;4.16&#8243; background_size=&#8220;initial&#8220; background_position=&#8220;top_left&#8220; background_repeat=&#8220;repeat&#8220; global_colors_info=&#8220;{}&#8220;][et_pb_column type=&#8220;4_4&#8243; _builder_version=&#8220;4.16&#8243; custom_padding=&#8220;|||&#8220; global_colors_info=&#8220;{}&#8220; custom_padding__hover=&#8220;|||&#8220;][et_pb_toggle title=&#8220;Unternehmens-Festschrift: Lust statt Langeweile&#8220; module_class=&#8220;zakladka&#8220; _builder_version=&#8220;4.22.1&#8243; hover_enabled=&#8220;0&#8243; global_colors_info=&#8220;{}&#8220; sticky_enabled=&#8220;0&#8243;]<\/p>\n<p><span class=\"lewa_strona\">250 Jahre L.N. Schaffrath in Geldern: Der beeindruckende Aufstieg von einer traditionellen Druckerei zu einem der modernsten Medienproduktions-Unternehmen in Deutschland \u2013 interessant aufbereitet in dieser Jubil\u00e4umsfestschrift (September 2018). Die Herausforderung: Daten und Fakten, Lob und W\u00fcrdigung ansprechend, interessant und verst\u00e4ndlich aufzubereiten \u2013 nicht nur f\u00fcr Chefs und Mitarbeiter. Das Spiel mit Stilelementen und eine insgesamt magazinige Anmutung machten es m\u00f6glich!<br \/><small>Grafische Konzeption\/Artdirektion: Grafitypus Ulrike Heinichen; Redaktionsleitung: Nicole Ehlert. Herausgeber: L.N. Schaffrath GmbH &amp; Co. KG<\/small><\/span><\/p>\n<p><img decoding=\"async\" class=\"alignnone size-thumbnail wp-image-416\" src=\"https:\/\/jetzttext.de\/wp-content\/uploads\/2019\/09\/010-150x150.jpg\" alt=\"\" width=\"150\" height=\"150\" \/><a href=\"..\/..\/wp-content\/uploads\/2019\/09\/pdf-010-Schaffrath-Festschrift-2018.pdf\" target=\"_blank\" rel=\"noopener noreferrer\"><br \/><\/a><\/p>\n<p>[\/et_pb_toggle][et_pb_toggle title=&#8220;WUNDER DER TIERWELT: Faszination Wildlife&#8220; module_class=&#8220;zakladka&#8220; _builder_version=&#8220;4.22.1&#8243; hover_enabled=&#8220;0&#8243; global_colors_info=&#8220;{}&#8220; sticky_enabled=&#8220;0&#8243;]<\/p>\n<p><span class=\"lewa_strona\">Das Magazin Wunder der Tierwelt verstand sich als Infotainment-Medium f\u00fcr junge und erwachsene Wildlife-Fans. Der Anspruch: Wilde Tiere in Text und Bild so lebensnah, beeindruckend und respekteinfl\u00f6\u00dfend wie m\u00f6glich an die Leser zu bringen. Liebe und Faszination als Mittel zur Sensibilisierung f\u00fcr den Tierschutz \u2013 so der Anspruch.<br \/>Als erstes Magazin setzte Wunder der Tierwelt zus\u00e4tzlich auf Audio-Effekte: H\u00f6rtexte, die mit erg\u00e4nzenden Infos insbesondere Kinder unterhielten.<br \/><small>WUNDER DER TIERWELT erschien 2016 und 17 viertelj\u00e4hrlich im falkemedia Verlag. Konzeption &amp;Chefredaktion: Nicole Ehlert;\u00a0Artdirektion: Grafitypus, Ulrike Heinichen<\/small><\/span><\/p>\n<p><img decoding=\"async\" class=\"alignnone size-thumbnail wp-image-417\" src=\"https:\/\/jetzttext.de\/wp-content\/uploads\/2019\/09\/011-150x150.jpg\" alt=\"\" width=\"150\" height=\"150\" \/><a href=\"..\/..\/wp-content\/uploads\/2019\/09\/pdf-010-Schaffrath-Festschrift-2018.pdf\" target=\"_blank\" rel=\"noopener noreferrer\"><br \/><\/a><\/p>\n<p>[\/et_pb_toggle][et_pb_toggle title=&#8220;NATURAPOTHEKE: f\u00fcr Gesundheit &#038; bewusstes Leben&#8220; module_class=&#8220;zakladka&#8220; _builder_version=&#8220;4.22.1&#8243; hover_enabled=&#8220;0&#8243; global_colors_info=&#8220;{}&#8220; sticky_enabled=&#8220;0&#8243;]<\/p>\n<p><span class=\"lewa_strona\">Ein Magazin, das dem wachsenden Trend zu sanften Heilmethoden und einem nachhaltigen Lebensstil Rechnung tr\u00e4gt. Die Neuentwicklung f\u00fcr den falkemedia Verlag richtet sich vorwiegend an naturverbundene Frauen mittleren Alters. Das Redaktionsteam konzipierte einen Themenmix aus Medizin, gesunder K\u00fcche und Psycho \u2013 auf hohem wissenschaftlichem und \u00e4sthetischem Niveau.<br \/><small>NATURAPOTHEKE, seit 2017 viertelj\u00e4hrlich im falkemedia Verlag. Konzeption und Chefredaktion (bis 2018): Nicole Ehlert &amp; Bruntje Thielke; Artdirektion (bis 2018): Angelika Schwarz. <\/small><br \/><\/span><br \/><img decoding=\"async\" class=\"alignnone size-thumbnail wp-image-418\" src=\"https:\/\/jetzttext.de\/wp-content\/uploads\/2019\/09\/012-150x150.jpg\" alt=\"\" width=\"150\" height=\"150\" \/><\/p>\n<p>[\/et_pb_toggle][et_pb_toggle title=&#8220;MITTENDRIN: das Kundenmagazin der Stadtwerke Kiel&#8220; module_class=&#8220;zakladka&#8220; _builder_version=&#8220;4.22.1&#8243; hover_enabled=&#8220;0&#8243; global_colors_info=&#8220;{}&#8220; sticky_enabled=&#8220;0&#8243;]<\/p>\n<p><span class=\"lewa_strona\">\u201eAblage P\u201c: Dort landete auch die ehemalige Mittendrin allzu oft ungelesen \u2013 Schicksal vieler Kundenmagazine, die nicht mehr zu bieten haben als trocken verpackte Firmennews. Ein Relaunch sollte das Unternehmensheft der Stadtwerke Kiel zum lesenswerten Magazin aufwerten. Mit einem frischen, passend zur F\u00f6rdestadt maritimen Konzept gelang das, und vor allem durch: Storytelling!<br \/><small>MITTENDRIN01\/2018 (Herausgeber Stadtwerke Kiel); redaktionelle Leitung Relaunch: Nicole Ehlert; Grafik: falkemedia Verlag.<\/small><br \/><\/span><img decoding=\"async\" class=\"alignnone size-thumbnail wp-image-419\" src=\"https:\/\/jetzttext.de\/wp-content\/uploads\/2019\/09\/013-150x150.jpg\" alt=\"\" width=\"150\" height=\"150\" srcset=\"https:\/\/jetzttext.de\/wp-content\/uploads\/2019\/09\/013-150x150.jpg 150w, https:\/\/jetzttext.de\/wp-content\/uploads\/2019\/09\/013-680x675.jpg 680w\" sizes=\"(max-width: 150px) 100vw, 150px\" \/><\/p>\n<p>[\/et_pb_toggle][et_pb_toggle title=&#8220;TEMPRA365: Das Verbandsmagazin f\u00fcrs Office Management&#8220; module_class=&#8220;zakladka&#8220; _builder_version=&#8220;4.22.1&#8243; hover_enabled=&#8220;0&#8243; global_colors_info=&#8220;{}&#8220; sticky_enabled=&#8220;0&#8243;]<\/p>\n<p><span class=\"lewa_strona\">Branchennews, Insiderwissen, Fortbildung und Unterhaltung f\u00fcr die Mitglieder sowie ein Forum f\u00fcr Wirtschaftspartner: Diese Aufgaben hatte das Mitgliedermagazin des Bundesverbands Sekretariat und B\u00fcromanagement e.V. (bSb) zu erf\u00fcllen. 2012 erhielt das etwas bieder daherkommende Blatt einen Relaunch, wurde moderner, magaziniger, journalistischer.<br \/><small>TEMPRA365 (Herausgeber bSb), Relaunch: Nicole Ehlert, Andreas M\u00f6ller (f\u00fcr Ringdrei Media Network), redaktionelle Leitung (bis 2015): Nicole Ehlert, Grafik: Grafitypus Ulrike Heinichen (2013-15)<\/small><br \/><\/span><br \/><img decoding=\"async\" class=\"alignnone size-thumbnail wp-image-420\" src=\"https:\/\/jetzttext.de\/wp-content\/uploads\/2019\/09\/014-150x150.jpg\" alt=\"\" width=\"150\" height=\"150\" \/><\/p>\n<p>[\/et_pb_toggle][et_pb_toggle title=&#8220;EMOTION EXTRA: Life &#038; Work &#8220; module_class=&#8220;zakladka&#8220; _builder_version=&#8220;4.22.1&#8243; hover_enabled=&#8220;0&#8243; global_colors_info=&#8220;{}&#8220; sticky_enabled=&#8220;0&#8243;]<\/p>\n<p><span class=\"lewa_strona\">Mehr als eine Rubrik im Heft: Mit rund 20-seitigen Extraheften gab das Magazin EMOTION dem Themenbereich Job &amp; Karriere zus\u00e4tzlich Raum \u2013 und dem Verlag die Chance, spezielle Anzeigenkunden und Kooperationspartner, etwa f\u00fcr Business-Events, anzulocken. Ein lockerer Mix aus Stilformen, inhaltlich immer mit Menschen im Mittelpunkt: Vorbildfrauen, Expertinnen, weiblicher Nachwuchs.<br \/><small>EMOTION Life &amp; Work, 04\/2012 (Emotion Verlag), Redaktionsleitung: Andreas M\u00f6ller, Nicole Ehlert, Silvia Feist; Artdirektion: Almut Moritz. <\/small><br \/><\/span><img decoding=\"async\" class=\"alignnone size-thumbnail wp-image-421\" src=\"https:\/\/jetzttext.de\/wp-content\/uploads\/2019\/09\/015-150x150.jpg\" alt=\"\" width=\"150\" height=\"150\" \/><\/p>\n<p>[\/et_pb_toggle][et_pb_toggle title=&#8220;EMOTION EXTRA Unilever: women at work&#8220; module_class=&#8220;zakladka&#8220; _builder_version=&#8220;4.22.1&#8243; hover_enabled=&#8220;0&#8243; global_colors_info=&#8220;{}&#8220; sticky_enabled=&#8220;0&#8243;]<\/p>\n<p><span class=\"lewa_strona\">Der Trick mit dem Doppelcover: Kooperationspartnernbot der EMOTION Verlag mit seinen Extraheften aus dem Bereich Job &amp; Karriere ein besonderes Werbeforum: eine Teilauflage wurde mit einem zus\u00e4tzlichen Cover gedruckt, das das regul\u00e4re Cover verdeckte und deutlich sichtbar den Namen der Firma trug. Diese M\u00f6glichkeit nutzte zum Beispiel Unilever und lie\u00df die Umschlagseiten redaktionell in eigener Sache f\u00fcllen.<br \/><small>EMOTION women at work Unilever, 02\/2011 (Emotion Verlag), Redaktionsleitung: Andreas M\u00f6ller, Nicole Ehlert, Julia M\u00f6hn; Artdirektion: Inga Lange<\/small><br \/><\/span><br \/><img decoding=\"async\" class=\"alignnone size-thumbnail wp-image-422\" src=\"https:\/\/jetzttext.de\/wp-content\/uploads\/2019\/09\/016-150x150.jpg\" alt=\"\" width=\"150\" height=\"150\" \/><\/p>\n<p>[\/et_pb_toggle][\/et_pb_column][\/et_pb_row][\/et_pb_section]<\/p>\n","protected":false},"excerpt":{"rendered":"<p>&nbsp; &nbsp; &nbsp; &nbsp; &nbsp; Ein Printprodukt, das Ihre Zielgruppe begeistert Am Anfang steht Ihr Wunsch: Kundenmagazin, Unternehmensportr\u00e4t, Festschrift, Verbandsheft, Flyer oder Brosch\u00fcre. Von mir und meinem Team bekommen Sie erst ein zielgruppengerechtes Konzept und einen ansprechenden, kreativen Layout-Entwurf. Dann Texte, die Lust aufs Lesen machen \u2013 und am Ende des Prozesses ein druckfertiges Produkt. [&hellip;]<\/p>\n","protected":false},"author":1,"featured_media":0,"parent":0,"menu_order":0,"comment_status":"closed","ping_status":"closed","template":"","meta":{"_et_pb_use_builder":"on","_et_pb_old_content":"","_et_gb_content_width":"","two_page_speed":[],"footnotes":""},"class_list":["post-38","page","type-page","status-publish","hentry"],"_links":{"self":[{"href":"https:\/\/jetzttext.de\/index.php\/wp-json\/wp\/v2\/pages\/38","targetHints":{"allow":["GET"]}}],"collection":[{"href":"https:\/\/jetzttext.de\/index.php\/wp-json\/wp\/v2\/pages"}],"about":[{"href":"https:\/\/jetzttext.de\/index.php\/wp-json\/wp\/v2\/types\/page"}],"author":[{"embeddable":true,"href":"https:\/\/jetzttext.de\/index.php\/wp-json\/wp\/v2\/users\/1"}],"replies":[{"embeddable":true,"href":"https:\/\/jetzttext.de\/index.php\/wp-json\/wp\/v2\/comments?post=38"}],"version-history":[{"count":43,"href":"https:\/\/jetzttext.de\/index.php\/wp-json\/wp\/v2\/pages\/38\/revisions"}],"predecessor-version":[{"id":675,"href":"https:\/\/jetzttext.de\/index.php\/wp-json\/wp\/v2\/pages\/38\/revisions\/675"}],"wp:attachment":[{"href":"https:\/\/jetzttext.de\/index.php\/wp-json\/wp\/v2\/media?parent=38"}],"curies":[{"name":"wp","href":"https:\/\/api.w.org\/{rel}","templated":true}]}}