{"id":41,"date":"2019-01-25T11:12:40","date_gmt":"2019-01-25T10:12:40","guid":{"rendered":"http:\/\/dev.maja.media\/niemiec\/?page_id=41"},"modified":"2022-08-22T13:14:06","modified_gmt":"2022-08-22T11:14:06","slug":"moderation","status":"publish","type":"page","link":"https:\/\/jetzttext.de\/index.php\/moderation\/","title":{"rendered":"Moderation"},"content":{"rendered":"<p>[et_pb_section bb_built=&#8220;1&#8243; _builder_version=&#8220;3.0.101&#8243; use_background_color_gradient=&#8220;on&#8220; background_color_gradient_start=&#8220;rgba(0,0,0,0.51)&#8220; background_color_gradient_end=&#8220;rgba(0,0,0,0)&#8220; background_color_gradient_overlays_image=&#8220;on&#8220; background_image=&#8220;https:\/\/jetzttext.de\/wp-content\/uploads\/2019\/06\/schody.jpg&#8220; border_color_all=&#8220;#b3a36d&#8220; border_width_bottom=&#8220;15px&#8220; custom_padding=&#8220;54px|0px|0px|0px&#8220; next_background_color=&#8220;#000000&#8243;][et_pb_row use_custom_gutter=&#8220;on&#8220; gutter_width=&#8220;2&#8243; custom_padding=&#8220;150px||0px|&#8220; custom_margin=&#8220;0px||0px|&#8220; background_color_1=&#8220;#769899&#8243; background_color_2=&#8220;#98ab84&#8243; background_color_3=&#8220;#b3a36d&#8220; background_color_4=&#8220;#a48377&#8243; _builder_version=&#8220;3.0.101&#8243; module_alignment=&#8220;center&#8220;][et_pb_column type=&#8220;1_4&#8243;][et_pb_button button_url=&#8220;https:\/\/jetzttext.de\/index.php\/text\/&#8220; button_text=&#8220;TEXT&#8220; button_alignment=&#8220;center&#8220; _builder_version=&#8220;3.0.101&#8243; custom_button=&#8220;on&#8220; button_text_size=&#8220;16px&#8220; button_text_color=&#8220;#ffffff&#8220; button_border_width=&#8220;0px&#8220; button_border_radius=&#8220;0px&#8220; button_font=&#8220;||||||||&#8220; button_use_icon=&#8220;off&#8220;]<\/p>\n<p>&nbsp;<\/p>\n<p>[\/et_pb_button][\/et_pb_column][et_pb_column type=&#8220;1_4&#8243;][et_pb_button button_url=&#8220;https:\/\/jetzttext.de\/index.php\/konzeption\/&#8220; button_text=&#8220;KONZEPTION&#8220; button_alignment=&#8220;center&#8220; _builder_version=&#8220;3.0.101&#8243; custom_button=&#8220;on&#8220; button_text_size=&#8220;16px&#8220; button_text_color=&#8220;#ffffff&#8220; button_border_width=&#8220;0px&#8220; button_border_radius=&#8220;0px&#8220; button_font=&#8220;||||||||&#8220; button_use_icon=&#8220;off&#8220;]<\/p>\n<p>&nbsp;<\/p>\n<p>[\/et_pb_button][\/et_pb_column][et_pb_column type=&#8220;1_4&#8243;][et_pb_button button_url=&#8220;https:\/\/jetzttext.de\/index.php\/moderation\/&#8220; button_text=&#8220;MODERATION&#8220; button_alignment=&#8220;center&#8220; _builder_version=&#8220;3.0.101&#8243; custom_button=&#8220;on&#8220; button_text_size=&#8220;16px&#8220; button_text_color=&#8220;#ffffff&#8220; button_border_width=&#8220;0px&#8220; button_border_radius=&#8220;0px&#8220; button_font=&#8220;||||||||&#8220; button_use_icon=&#8220;off&#8220;]<\/p>\n<p>&nbsp;<\/p>\n<p>[\/et_pb_button][\/et_pb_column][et_pb_column type=&#8220;1_4&#8243;][et_pb_button button_url=&#8220;https:\/\/jetzttext.de\/index.php\/coaching\/&#8220; button_text=&#8220;COACHING&#8220; button_alignment=&#8220;center&#8220; _builder_version=&#8220;3.0.101&#8243; custom_button=&#8220;on&#8220; button_text_size=&#8220;16px&#8220; button_text_color=&#8220;#ffffff&#8220; button_border_width=&#8220;0px&#8220; button_border_radius=&#8220;0px&#8220; button_font=&#8220;||||||||&#8220; button_use_icon=&#8220;off&#8220;]<\/p>\n<p>&nbsp;<\/p>\n<p>[\/et_pb_button][\/et_pb_column][\/et_pb_row][\/et_pb_section][et_pb_section bb_built=&#8220;1&#8243; _builder_version=&#8220;3.0.47&#8243; custom_padding=&#8220;48.2656px|0px|48.2656px|0px&#8220; prev_background_color=&#8220;#000000&#8243;][et_pb_row disabled_on=&#8220;on|on|on&#8220; _builder_version=&#8220;3.0.101&#8243; background_size=&#8220;initial&#8220; background_position=&#8220;top_left&#8220; background_repeat=&#8220;repeat&#8220;][et_pb_column type=&#8220;4_4&#8243;][et_pb_post_title meta=&#8220;off&#8220; featured_image=&#8220;off&#8220; _builder_version=&#8220;3.0.101&#8243; title_font=&#8220;|700||on|on||||&#8220; title_font_size=&#8220;45px&#8220; title_text_color=&#8220;#000000&#8243;]<\/p>\n<p>&nbsp;<\/p>\n<p>[\/et_pb_post_title][\/et_pb_column][\/et_pb_row][et_pb_row _builder_version=&#8220;3.0.47&#8243; background_size=&#8220;initial&#8220; background_position=&#8220;top_left&#8220; background_repeat=&#8220;repeat&#8220;][et_pb_column type=&#8220;4_4&#8243;][et_pb_text _builder_version=&#8220;3.0.101&#8243; text_font=&#8220;||||||||&#8220; text_font_size=&#8220;16px&#8220; text_line_height=&#8220;1.8em&#8220; header_font=&#8220;||||||||&#8220; header_2_font=&#8220;Calibri|700|||||||&#8220; header_2_font_size=&#8220;23px&#8220;]<\/p>\n<h2>Events, die zum Erlebnis werden<\/h2>\n<p>Wenn Sie mich als Moderatorin f\u00fcr Ihre Veranstaltung buchen, bekommen Sie eine kompetente F\u00fchrung durch Ihr Programm. Die intensive Einarbeitung ins Thema sowie Vorgespr\u00e4che mit Interviewpartnern sind f\u00fcr mich so selbstverst\u00e4ndlich wie H\u00f6flichkeit, Charme und Zuverl\u00e4ssigkeit.<\/p>\n<p>[\/et_pb_text][\/et_pb_column][\/et_pb_row][et_pb_row _builder_version=&#8220;3.0.101&#8243;][et_pb_column type=&#8220;4_4&#8243;][et_pb_toggle title=&#8220;Eine B\u00fchne f\u00fcr Karrierefrauen &#8220; open=&#8220;on&#8220; module_class=&#8220;zakladka&#8220; _builder_version=&#8220;3.0.101&#8243; title_font=&#8220;Montserrat|500|||||||&#8220; custom_css_toggle_icon=&#8220;display:none;&#8220;]<\/p>\n<p><span class=\"lewa_strona\">F\u00fcr den Hamburger Verlag Inspiring Networks (\u201eEmotion\u201c, \u201eHohe Luft\u201c) habe ich zahlreiche Veranstaltungen zum Thema Frauen &amp; Karriere als Moderatorin begleitet: Die Eventreihe \u201eMehr Frauen in die MINT-Branchen\u201c sowie die Konferenz re:work.<\/span><\/p>\n<p><span class=\"lewa_strona\"><a href=\"https:\/\/jetzttext.de\/wp-content\/uploads\/2019\/09\/moderation.jpg\"><img decoding=\"async\" class=\"alignnone size-full wp-image-361\" src=\"https:\/\/jetzttext.de\/wp-content\/uploads\/2019\/09\/moderation.jpg\" alt=\"\" width=\"795\" height=\"427\" srcset=\"https:\/\/jetzttext.de\/wp-content\/uploads\/2019\/09\/moderation.jpg 795w, https:\/\/jetzttext.de\/wp-content\/uploads\/2019\/09\/moderation-300x161.jpg 300w, https:\/\/jetzttext.de\/wp-content\/uploads\/2019\/09\/moderation-768x412.jpg 768w\" sizes=\"(max-width: 795px) 100vw, 795px\" \/><\/a><br \/>\n<\/span><span class=\"prawa_strona\">\u201eNicole Ehlert hat unsere EMOTION MINT-Abende von Anfang an als Journalistin und Moderatorin begleitet und mit erarbeitet. Gemeinsam haben wir die Veranstaltungen inhaltlich und organisatorisch vorbereitet und umgesetzt. Nicole war in dem ganzen Prozess ein wertvoller Sparringspartner. Durch ihre gr\u00fcndliche journalistische Vorbereitung, aber auch durch die souver\u00e4ne und kompetente Moderation der Veranstaltungen hat sie einen ganz wesentlichen Anteil am Erfolg der Events.\u201c<br \/>\n<strong>Anke Rippert, Gesellschafterin Insipring Network<br \/>\n<\/strong><br \/>\n\u201eSympathisch, professionell, engagiert: Die Zusammenarbeit mit Nicole Ehlert ist immer sehr angenehm.\u201c<br \/>\n<strong>Marion Knaths, Management-Trainerin und Inhaberin sheboss\u00a0<\/strong><\/span><\/p>\n<p><img id=\"hzDownscaled\" style=\"position: absolute; top: -10000px;\" \/><img id=\"hzDownscaled\" style=\"position: absolute; top: -10000px;\" \/><\/p>\n<p>[\/et_pb_toggle][et_pb_toggle title=&#8220;Mehr Frauen in die MINT-Branchen&#8220; module_class=&#8220;zakladka&#8220; _builder_version=&#8220;3.0.101&#8243; title_font=&#8220;Montserrat|500|||||||&#8220;]<\/p>\n<p><span class=\"lewa_strona\">Mathematik, Informatik, Naturwissenschaften, Technik: Immer noch sind Frauen in diesen Branchen deutlich unterrepr\u00e4sentiert \u2013 erst recht in den F\u00fchrungsetagen. An mangelnden F\u00e4higkeiten liegt\u2019s nicht, weshalb es sich der Emotion Verlag seit 2013 auf die Fahnen geschrieben hat, weiblichen Nachwuchstalenten eine MINT-Karriere zu erleichtern. Dazu wurden regelm\u00e4\u00dfig Events veranstaltet, jeweils in Kooperation mit einer Universit\u00e4t. Erfolgreiche MINT-Frauen schilderten in Impulsvortr\u00e4gen ihren Weg nach oben, stellten sich den Fragen, gaben Tipps.<br \/>\n<small>Die MINT-Events fanden zwischen 2013 und 2017 ein- bis zweimal j\u00e4hrlich in verschiedenen St\u00e4dten statt. Moderation: Anke Rippert\/Co-Moderation: Nicole Ehlert; ab 2016: Nicole Ehlert.<\/small><\/span><\/p>\n<p><span class=\"prawa_strona\">\u00a0<\/span><\/p>\n<p>[\/et_pb_toggle][et_pb_toggle title=&#8220;RE:WORK \u2013 Arbeit neu denken&#8220; module_class=&#8220;zakladka&#8220; _builder_version=&#8220;3.0.101&#8243; title_font=&#8220;Montserrat|500|||||||&#8220;]<\/p>\n<p><span class=\"lewa_strona\">Frauen und Erfolg, Frauen und F\u00fchrung \u2013 wie geht endlich zusammen, was so gut zusammenpasst? Antworten gab der EMOTION Verlag mit seiner Veranstaltungsreihe re:workin Hamburg. Erfolgsfrauen aus unterschiedlichen Bereichen der Wirtschaft wurden zu Impulsvortr\u00e4gen und Diskussionsrunden geladen \u2013 das Publikum: (Nachwuchs-)F\u00fchrungsfrauen, Managerinnen, Unternehmerinnen, die ihre Arbeit reflektieren wollen und sich f\u00fcr die Zukunft interessieren.<br \/>\n<small>re:work, 2. Konferenz 2015 in Hamburg. Veranstalter: EMOTION Verlag; Moderation: Anke Rippert und Nicole Ehlert.<\/small><\/span><\/p>\n<p><span class=\"prawa_strona\">\u00a0<\/span><\/p>\n<p>[\/et_pb_toggle][\/et_pb_column][\/et_pb_row][\/et_pb_section]<\/p>\n","protected":false},"excerpt":{"rendered":"<p>&nbsp; &nbsp; &nbsp; &nbsp; &nbsp; Events, die zum Erlebnis werden Wenn Sie mich als Moderatorin f\u00fcr Ihre Veranstaltung buchen, bekommen Sie eine kompetente F\u00fchrung durch Ihr Programm. Die intensive Einarbeitung ins Thema sowie Vorgespr\u00e4che mit Interviewpartnern sind f\u00fcr mich so selbstverst\u00e4ndlich wie H\u00f6flichkeit, Charme und Zuverl\u00e4ssigkeit. F\u00fcr den Hamburger Verlag Inspiring Networks (\u201eEmotion\u201c, \u201eHohe Luft\u201c) [&hellip;]<\/p>\n","protected":false},"author":1,"featured_media":0,"parent":0,"menu_order":0,"comment_status":"closed","ping_status":"closed","template":"","meta":{"_et_pb_use_builder":"on","_et_pb_old_content":"","_et_gb_content_width":"","two_page_speed":[],"footnotes":""},"class_list":["post-41","page","type-page","status-publish","hentry"],"_links":{"self":[{"href":"https:\/\/jetzttext.de\/index.php\/wp-json\/wp\/v2\/pages\/41","targetHints":{"allow":["GET"]}}],"collection":[{"href":"https:\/\/jetzttext.de\/index.php\/wp-json\/wp\/v2\/pages"}],"about":[{"href":"https:\/\/jetzttext.de\/index.php\/wp-json\/wp\/v2\/types\/page"}],"author":[{"embeddable":true,"href":"https:\/\/jetzttext.de\/index.php\/wp-json\/wp\/v2\/users\/1"}],"replies":[{"embeddable":true,"href":"https:\/\/jetzttext.de\/index.php\/wp-json\/wp\/v2\/comments?post=41"}],"version-history":[{"count":30,"href":"https:\/\/jetzttext.de\/index.php\/wp-json\/wp\/v2\/pages\/41\/revisions"}],"predecessor-version":[{"id":612,"href":"https:\/\/jetzttext.de\/index.php\/wp-json\/wp\/v2\/pages\/41\/revisions\/612"}],"wp:attachment":[{"href":"https:\/\/jetzttext.de\/index.php\/wp-json\/wp\/v2\/media?parent=41"}],"curies":[{"name":"wp","href":"https:\/\/api.w.org\/{rel}","templated":true}]}}