{"id":44,"date":"2019-01-25T11:12:59","date_gmt":"2019-01-25T10:12:59","guid":{"rendered":"http:\/\/dev.maja.media\/niemiec\/?page_id=44"},"modified":"2022-09-29T12:55:26","modified_gmt":"2022-09-29T10:55:26","slug":"coaching","status":"publish","type":"page","link":"https:\/\/jetzttext.de\/index.php\/coaching\/","title":{"rendered":"Coaching"},"content":{"rendered":"<p>[et_pb_section bb_built=&#8220;1&#8243; _builder_version=&#8220;3.0.101&#8243; use_background_color_gradient=&#8220;on&#8220; background_color_gradient_start=&#8220;rgba(0,0,0,0.51)&#8220; background_color_gradient_end=&#8220;rgba(0,0,0,0)&#8220; background_color_gradient_overlays_image=&#8220;on&#8220; background_image=&#8220;https:\/\/jetzttext.de\/wp-content\/uploads\/2019\/06\/schody.jpg&#8220; border_color_all=&#8220;#a48377&#8243; border_width_bottom=&#8220;15px&#8220; custom_padding=&#8220;54px|0px|0px|0px&#8220; next_background_color=&#8220;#000000&#8243;][et_pb_row use_custom_gutter=&#8220;on&#8220; gutter_width=&#8220;2&#8243; custom_padding=&#8220;150px||0px|&#8220; custom_margin=&#8220;0px||0px|&#8220; background_color_1=&#8220;#769899&#8243; background_color_2=&#8220;#98ab84&#8243; background_color_3=&#8220;#b3a36d&#8220; background_color_4=&#8220;#a48377&#8243; _builder_version=&#8220;3.0.101&#8243; module_alignment=&#8220;center&#8220;][et_pb_column type=&#8220;1_4&#8243;][et_pb_button button_url=&#8220;https:\/\/jetzttext.de\/index.php\/text\/&#8220; button_text=&#8220;TEXT&#8220; button_alignment=&#8220;center&#8220; _builder_version=&#8220;3.0.101&#8243; custom_button=&#8220;on&#8220; button_text_size=&#8220;16px&#8220; button_text_color=&#8220;#ffffff&#8220; button_border_width=&#8220;0px&#8220; button_border_radius=&#8220;0px&#8220; button_font=&#8220;||||||||&#8220; button_use_icon=&#8220;off&#8220;]<\/p>\n<p>&nbsp;<\/p>\n<p>[\/et_pb_button][\/et_pb_column][et_pb_column type=&#8220;1_4&#8243;][et_pb_button button_url=&#8220;https:\/\/jetzttext.de\/index.php\/konzeption\/&#8220; button_text=&#8220;KONZEPTION&#8220; button_alignment=&#8220;center&#8220; _builder_version=&#8220;3.0.101&#8243; custom_button=&#8220;on&#8220; button_text_size=&#8220;16px&#8220; button_text_color=&#8220;#ffffff&#8220; button_border_width=&#8220;0px&#8220; button_border_radius=&#8220;0px&#8220; button_font=&#8220;||||||||&#8220; button_use_icon=&#8220;off&#8220;]<\/p>\n<p>&nbsp;<\/p>\n<p>[\/et_pb_button][\/et_pb_column][et_pb_column type=&#8220;1_4&#8243;][et_pb_button button_url=&#8220;https:\/\/jetzttext.de\/index.php\/moderation\/&#8220; button_text=&#8220;MODERATION&#8220; button_alignment=&#8220;center&#8220; _builder_version=&#8220;3.0.101&#8243; custom_button=&#8220;on&#8220; button_text_size=&#8220;16px&#8220; button_text_color=&#8220;#ffffff&#8220; button_border_width=&#8220;0px&#8220; button_border_radius=&#8220;0px&#8220; button_use_icon=&#8220;off&#8220;]<\/p>\n<p>&nbsp;<\/p>\n<p>[\/et_pb_button][\/et_pb_column][et_pb_column type=&#8220;1_4&#8243;][et_pb_button button_url=&#8220;https:\/\/jetzttext.de\/index.php\/coaching\/&#8220; button_text=&#8220;COACHING&#8220; button_alignment=&#8220;center&#8220; _builder_version=&#8220;3.0.101&#8243; custom_button=&#8220;on&#8220; button_text_size=&#8220;16px&#8220; button_text_color=&#8220;#ffffff&#8220; button_border_width=&#8220;0px&#8220; button_border_radius=&#8220;0px&#8220; button_use_icon=&#8220;off&#8220;]<\/p>\n<p>&nbsp;<\/p>\n<p>[\/et_pb_button][\/et_pb_column][\/et_pb_row][\/et_pb_section][et_pb_section bb_built=&#8220;1&#8243; _builder_version=&#8220;3.0.101&#8243; custom_padding=&#8220;48.2656px|0px|48.2656px|0px&#8220; prev_background_color=&#8220;#000000&#8243;][et_pb_row disabled_on=&#8220;on|on|on&#8220; _builder_version=&#8220;3.0.101&#8243; background_size=&#8220;initial&#8220; background_position=&#8220;top_left&#8220; background_repeat=&#8220;repeat&#8220;][et_pb_column type=&#8220;4_4&#8243;][et_pb_post_title meta=&#8220;off&#8220; featured_image=&#8220;off&#8220; _builder_version=&#8220;3.0.101&#8243; title_font=&#8220;|700||on|on||||&#8220; title_font_size=&#8220;45px&#8220; title_text_color=&#8220;#000000&#8243;]<\/p>\n<p>&nbsp;<\/p>\n<p>[\/et_pb_post_title][\/et_pb_column][\/et_pb_row][et_pb_row _builder_version=&#8220;3.0.101&#8243; background_size=&#8220;initial&#8220; background_position=&#8220;top_left&#8220; background_repeat=&#8220;repeat&#8220;][et_pb_column type=&#8220;2_3&#8243;][et_pb_text _builder_version=&#8220;3.0.101&#8243; text_font_size=&#8220;16px&#8220; text_line_height=&#8220;1.8em&#8220; header_2_font=&#8220;Calibri|700|||||||&#8220; header_2_font_size=&#8220;23px&#8220; background_layout=&#8220;light&#8220;]<\/p>\n<h2>Die eigene Erfolgsgeschichte schreiben<\/h2>\n<p>Wie werde Menschen zu dem, was sie sind? Was treibt sie an? Was bremst sie aus? Wer wollen sie sein? Lebensgeschichten haben mich schon immer angezogen. So schrieb ich als Journalistin am liebsten \u00fcber Menschen und ihre Erlebnisse \u2013 beeindruckende, unglaubliche, lustige, liebenswerte, traurige. In Interviews fand ich heraus, was diese Menschen bewegte. Wie sie Krisen meisterten. Wie sie es schafften, \u00fcber sich selbst hinauszuwachsen.<\/p>\n<p>Irgendwann reichte mir das Dokumentieren und Unterhalten nicht mehr. Ich wollte die psychologischen Hintergr\u00fcnde verstehen und Menschen aktiv dabei unterst\u00fctzen, ihre Lebensgeschichte selbst positiv zu steuern. So lie\u00df ich mich zur psychologischen Beraterin\/Coach ausbilden und absolvierte diverse Fortbildungen, darunter L\u00f6sungsorientierung und Kognition. Meine Schwerpunkte: St\u00e4rkenanalyse und Potenzialentfaltung (\u201eErfolg folgt der Leidenschaft\u201c), Selbstmarketing, Arbeit mit Glaubenss\u00e4tzen, Bew\u00e4ltigung innerer und zwischenmenschlicher Konflikte, SMART Ziele erreichen.<\/p>\n<p>Seit 2020 geh\u00f6re ich zum Team der Karriereberater bei<span class=\"Apple-converted-space\">\u00a0 <\/span><a href=\"https:\/\/www.econnects.de\"><img decoding=\"async\" class=\"alignnone\" src=\"data:image\/png;base64,iVBORw0KGgoAAAANSUhEUgAAAEIAAAAOCAYAAACbzsr\/AAABYWlDQ1BrQ0dDb2xvclNwYWNlRGlzcGxheVAzAAAokWNgYFJJLCjIYWFgYMjNKykKcndSiIiMUmB\/yMAOhLwMYgwKicnFBY4BAT5AJQwwGhV8u8bACKIv64LMOiU1tUm1XsDXYqbw1YuvRJsw1aMArpTU4mQg\/QeIU5MLikoYGBhTgGzl8pICELsDyBYpAjoKyJ4DYqdD2BtA7CQI+whYTUiQM5B9A8hWSM5IBJrB+API1klCEk9HYkPtBQFul8zigpzESoUAYwKuJQOUpFaUgGjn\/ILKosz0jBIFR2AopSp45iXr6SgYGRiaMzCAwhyi+nMgOCwZxc4gxJrvMzDY7v\/\/\/\/9uhJjXfgaGjUCdXDsRYhoWDAyC3AwMJ3YWJBYlgoWYgZgpLY2B4dNyBgbeSAYG4QtAPdHFacZGYHlGHicGBtZ7\/\/9\/VmNgYJ\/MwPB3wv\/\/vxf9\/\/93MVDzHQaGA3kAFSFl7jXH0fsAAAA4ZVhJZk1NACoAAAAIAAGHaQAEAAAAAQAAABoAAAAAAAKgAgAEAAAAAQAAAEKgAwAEAAAAAQAAAA4AAAAAVmYWZQAACjlJREFUSA1dV3mMnVUV\/33L29+bt8ybebO\/mWmny3TCYCvWgYhAnYJCUAOJtaDBiCHgkjQaQ0hMMZE\/NEbFxCWKC6iJJFiRaheshXYKZaAz047TQpmZLrPP2\/f1W\/zd7w0QvJO+7\/vuPffcc37nd865habppmY2hrHxFA\/dqJmGZpjGxmTjoVsShlk3TaPxLiYoZc2LH03MG1XzPUlTyFqjISX06dQrduli38bhQr4xS3naRCFOvGeZtrHGKeo2OG\/Z1lC8sbPxkZ06bs58a49ZTS5ZE7pZttaF7nq9aGq1wvu6xOFaOUtdVVOVFCA3cwalc6egVTOQnR54brwLgeFdMGUdplZFYuwI6gvvwKzmoSo2+Ecfgivaj+zMayhOnkA9m4Li8sC7ZRhNI\/fAUNyIvf4isPA23J+4D\/mxv8HM5aA2t8J\/xxfgDHUgO30K+cmX4f\/UAyiOvwwtuQzVF4Hv9vvhjvRAkmSUYteROXkIZiYG2O1wbtmJ4Mi9gAxA0pCdPInypXPQizkYMBG+bR8Umw0oZrD4u4Owt3ah9Z5HUS\/EkT9zGMXFOeiGAldrC\/wf\/zScrd1IXL0Ij8cB5Tv33\/nkwq+egJZag+IPofDuRWTGj8C76UbYQ21Y+suPETv8G0iVAg0NQKNRtk27UI9dxeIvH0c9EYMj3IZqbAWZ04dRg4Sm7R9DcuwlFF55AfmZs9BrRdRzGWTf\/DdqBC246w6kp88ifvQ5lP87bq0xXMi9dQLFtSsI3jQKLR3Dws8PIHv5HJRgM+pry0icfhGqXSHgO7F+\/A9Y\/vNPUEuswOYLwSwxiO09XHci9\/pRwObhfBhKdDOWf\/8kKrMzcHb3w+7xorB2HXA44enpRXH9XZg8S11\/\/mdEV0fXI9+HZ8tHkZw6idXffg\/JN49BctiQPXsEgYGb0Pa1g3CFO4m8BqNSxOKzP4JZNxB59HGEhj6Jaj6OxZ8eQG7sMAK3fIYRVGCaMkK3fxbhPQ\/CKJdw5QcPonr9Euq6aTnE\/ENw9yhCdz8ERXVi7qmvQLt+kU6VkL1Ali7No3P\/txHasw+1TBzXf3EAqYnTCDKa2bPH4aCjkYcPIrTtJlIE0OpVlC6eof46AiN70XH3w8i8Q6BXluD9yG3ofOgJSIqBerUGWVYZMqBl+60wqoBajS\/SKAfW\/vEMFPk56FoFBhUhn4aeikMvZeHZPAgnQWByQja5XVJhlBJQws3w9u0Asx2KOwBDALV2DSjkoZh2VBQTrq4BOumA4dBphB1204BKIEzJhGQA7o4tUB0+EluCYXPCZhJARSKNZyya56ZOk1VvMAASlHQKZlOYoKRQT6\/DT+b5CYJh6LSJGWNzCDw4+KFp1purezOcbd0oTJ\/E7MEJemyHFGpH1z1fhXfbbhpAu\/mnwu4GbYKtd4h0Ya7wz7FjBGrXJk7yW3GgVsgI1awZ4lfmwWrD8HINeqVEuoXFqggJDIIEyhkijykraTSSQ7ISm3tlcooipiFBE+pQ4Zr1wl+axHVDluH0taDIrUpHN+SmTtrIj4GdTJNWpqiftcyNairG8\/OwO31CkTWELpmmmNQhht0TQvdjP0Ri6lXQcAY4icypv2P1pd+it\/cGBsHWsKx19D6Uy2lIpTSc\/UPwbN0FNRxBsL0f7r7NsPUMID\/xH8SP\/RGpy5NITByDkc\/CuWkYemYZ6RPPo5y4hsQbR6BdfosFqAO2SJTRrkElGpIIuzU06LRNIqMEqxh3KCxcosg1RuOpEiCJhPQM3QKdhc\/IJOHs6IN7O+1qi8Lf1gsbi62b5+eZ96t\/fRqpt8cRu3ASldVFBoIg8Mz6wizyV6dRK+dQnL8IO5kRvuUu+G64FYrTS6azwNaLAjEeL0MN7vkSSukEMudeBc4ehYNIllgD5EeeQmT33eje93Vce+EZrB76NVTmVU0rou+bT6N9737oqwTglUMonTmGWo2RbelA+74DsLtIddJf0mqMAsPPYZpEnmkn2CeZrDOs+iw2kGm5gEBwwtR1Bk3Ml+HauhOd+76B2D\/\/hNzF78IuO1AvlqHf9UV4Ng2h\/b7HoLHuFN48itz4v2DWypAfeALeod2wtXSicP5VFK7OoPfA04i9dgj6\/AVk3U0walUy0ovo3i\/DzhrD3mmdLhkm+zJDVV69BqOQI0B14sNW1dnLlkgKErAK6VRbXeAGjUbb4Onsh8rqW6fS0uKs5aCYt0U64Aq0UbmOYnyJHSYJX0cUsjfIumOiLAohPXb37uBaAqX4AjwRRtjfTL0SStdm2a4L1rpss1OPiQq7gs4UkIggmzlrVTscZIQoxDWmZXX9CuRqBTrXPZFuSDy\/unoFOruTqShwk9E12q8n1y27hAGqPwBXx1YCzsojGMtWLZkEQtdkFjReKKy48GENQWlBGxa2jflGJovF9+j8wYyY1XSN9wzuoQOmrLyvjbcjGm5alVrIUYD\/hO4Phuggktgrhsjl95fFGR+wRiw3LBKR5J3hQ0PUIyFLxz40\/\/8fDTle8SxARZqqc+8uYHZ2Ds3NQQwODcLGyl4lzZwuJ5LJJB1TeOHwIJZIoDUchsq8rbH9FERnoKzP64WDspMTk8hls3TAxM0jI9aFKB6Pw84CHGZ3EaNSLsDGi5HYn86kEQyEUOH7lblZDO4YxOTUBbS0hOFv4n2FrHJTr9Np5zkMEqNmsBOkUml4vB4kqNsf8MNLZoqRyWXRHAyx3pVZ8x1IpdOwqTZ4aV+VaavyXQSgVBTvCqo8N9LeZjFNxFVdX49xsoLx8XHMzc\/ycA\/yTJEW3r6ymQyDYyAajWJlZZXoGRgeHsb58+dRLhEsVu6enh709fZhenoa+\/fvx4kTxy1dTpcLzz37LEZHRzEycjMBsWNiYsLaf2ZsjN1Ng8Pusp5l5npfXz+dKGFycgpdXV2Yn5+nXVVEu7uxvLwMr8+HpqYmtncNNV6+WltaKHMVed5YPXS2nU6NnRoTDcsCP5VKweP2IhgK4Qp1CQ4LQAXQOpnbTb1t7R0WOIJjssi9vr4oPvf5e+m0jhxvgIJXNpuKzQMD2LptG7\/Z6tgGK2yXl9+ZtRwYHBzCwJYtZEYBPr+Ph7rx9qVLKBLxXLaA2ctzaPL6LdlCnsWXfaKYL2HirUleM0rYvn3I2usiYL4mPwOuWI4OD99AwM6x+FatdGptjcDpcGFleYVBciOfL9D5POp1DdevLSCdzpC1KnxsqalkmjdxF1nShG1bB2n\/Ztos7kUmoj191vzg4KClNxAIEATCw5QVQ8pnc6aisoCoKjJkgEB+aWkJLRtpIHJNJysMVnRB6WqtxkO9RFflBUylQXX4gwEk4wksLi5h00C\/FWWRJoKWIvKRtnYeqDPVUjScV+xgEC6nYIOJLCktohzt6yVAObjdLmSyGUt\/bH2dke603uv1GuKxOKamprD3zjtZb2SLDXbxfxDuia+vWdFPMoUFm2VRoxhAktjyS7wLe+y8N1SYAYV8Ht1kszUIxv8AKl2PStC18p4AAAAASUVORK5CYII=\" alt=\"pastedGraphic.png\" width=\"66\" height=\"14\" \/><\/a> und begleite Menschen in beruflichen Ver\u00e4nderungsprozessen. Hier sind wir zertifizierter Partner der Arbeitsagenturen und Jobcenter und d\u00fcrfen entsprechende Ma\u00dfnahme-Gutscheine (AVGS) einl\u00f6sen. Die Teilnahme an den Coachings ist damit f\u00fcr Jobsuchende, Existenzgr\u00fcnder:innen und Mitarbeiter:innen in der Probezeit kostenlos.<\/p>\n<p>[\/et_pb_text][et_pb_text _builder_version=&#8220;3.0.101&#8243; text_font_size=&#8220;16px&#8220; text_line_height=&#8220;1.8em&#8220; header_2_font=&#8220;Calibri|700|||||||&#8220; header_2_font_size=&#8220;23px&#8220; background_layout=&#8220;light&#8220;]<\/p>\n<p>Sie k\u00f6nnen mich als Karriereberaterin \u00fcber <a href=\"https:\/\/www.econnects.de\">econnects\u00ae<\/a> buchen: <a href=\"mailto:info@econnects.de\">info@econnects.de<\/a><\/p>\n<p>[\/et_pb_text][\/et_pb_column][et_pb_column type=&#8220;1_3&#8243;][et_pb_image src=&#8220;https:\/\/jetzttext.de\/wp-content\/uploads\/2022\/08\/Nicole-Coaching-1-web-1.jpg&#8220; _builder_version=&#8220;3.0.101&#8243; show_in_lightbox=&#8220;off&#8220; url_new_window=&#8220;off&#8220; use_overlay=&#8220;off&#8220; always_center_on_mobile=&#8220;on&#8220; force_fullwidth=&#8220;off&#8220; show_bottom_space=&#8220;on&#8220;]<\/p>\n<p>&nbsp;<\/p>\n<p>[\/et_pb_image][et_pb_image src=&#8220;https:\/\/jetzttext.de\/wp-content\/uploads\/2022\/08\/Econnects-41-web.jpg&#8220; _builder_version=&#8220;3.0.101&#8243;]<\/p>\n<p>&nbsp;<\/p>\n<p>[\/et_pb_image][\/et_pb_column][\/et_pb_row][et_pb_row _builder_version=&#8220;3.0.101&#8243;][et_pb_column type=&#8220;4_4&#8243;][et_pb_text _builder_version=&#8220;3.0.101&#8243; background_layout=&#8220;light&#8220;]<\/p>\n<h3>Referenzen:<\/h3>\n<p><a href=\"https:\/\/www.provenexpert.com\/de-de\/econnects-gmbh\">https:\/\/www.provenexpert.com\/de-de\/econnects-gmbh<\/a><\/p>\n<p>[\/et_pb_text][et_pb_image _builder_version=&#8220;3.0.101&#8243; src=&#8220;https:\/\/jetzttext.de\/wp-content\/uploads\/2022\/08\/Proven-Expert-2-web.jpg&#8220; show_in_lightbox=&#8220;off&#8220; url_new_window=&#8220;off&#8220; use_overlay=&#8220;off&#8220; always_center_on_mobile=&#8220;on&#8220; force_fullwidth=&#8220;off&#8220; show_bottom_space=&#8220;on&#8220; max_width=&#8220;60%&#8220; url=&#8220;https:\/\/www.provenexpert.com\/de-de\/econnects-gmbh\/&#8220; custom_padding=&#8220;2px|||&#8220; \/][et_pb_image _builder_version=&#8220;3.0.101&#8243; src=&#8220;https:\/\/jetzttext.de\/wp-content\/uploads\/2022\/08\/Powen-expert-3-web.jpg&#8220; show_in_lightbox=&#8220;off&#8220; url_new_window=&#8220;off&#8220; use_overlay=&#8220;off&#8220; always_center_on_mobile=&#8220;on&#8220; force_fullwidth=&#8220;off&#8220; show_bottom_space=&#8220;on&#8220; max_width=&#8220;60%&#8220; url=&#8220;https:\/\/www.provenexpert.com\/de-de\/econnects-gmbh\/&#8220; custom_padding=&#8220;2px|||&#8220; \/][\/et_pb_column][\/et_pb_row][et_pb_row _builder_version=&#8220;3.0.101&#8243;][et_pb_column type=&#8220;4_4&#8243;][et_pb_text _builder_version=&#8220;3.0.101&#8243; background_layout=&#8220;light&#8220;]<\/p>\n<p>&nbsp;<\/p>\n<p>&nbsp;<\/p>\n<p>[\/et_pb_text][et_pb_toggle title=&#8220;Vortrag&#8220; open=&#8220;on&#8220; module_class=&#8220;zakladka&#8220; _builder_version=&#8220;3.0.101&#8243; custom_css_toggle_icon=&#8220;display: none;&#8220; custom_padding=&#8220;2px|||&#8220;]<\/p>\n<p><span class=\"lewa_strona\">Die Familienbildungsst\u00e4tte Neum\u00fcnster buchte mich f\u00fcr einen Beitrag auf ihrem Fachtag Kindertagespflege. Das Thema: Wie l\u00e4sst sich die Qualit\u00e4t der Arbeit jenseits der Fachkenntnis verbessern? In meinem Vortrag \u201eDie Magie der Pr\u00e4senz\u201c ging es darum, dass Erfolg und Erf\u00fcllung weniger eine Frage sind, WAS wir tun, sondern WARUM und mit welcher inneren Haltung. <small>Die Fachtagung \u201eZukunft Kindertagespflege. Qualit\u00e4t und Resilienz: Wie kann gute p\u00e4dagogische Arbeit auf Dauer gelingen?\u201c fand im Mai 2019 statt.<\/small> <\/span><span class=\"prawa_strona\"> \u201eNicole Ehlert hat bei uns im Mai 2019 im Rahmen eines Fachtages f\u00fcr Kindertagespflegepersonen einen Impulsvortrag zum Thema \u201eDie Magie der Pr\u00e4senz \u2013 Gestalten und wachsen statt passiv verharren\u201c gehalten. Sie hat mit ihrem \u201efrischen Blick\u201c bei den p\u00e4dagogischen Fachkr\u00e4ften den Blickwinkel auf Ver\u00e4nderungen erweitert. Ihr praktisches Beispiel hat gut nachvollziehbar aufgezeigt, wie sehr die innere Haltung unsere Handlungen beeinflusst. \u00a0Vielen Dank f\u00fcr die tollen Denkanst\u00f6\u00dfe!\u201c <strong>Petra Schl\u00fcter, Diakonisches Werk Altholstein GmbH<\/strong><\/span><\/p>\n<p>[\/et_pb_toggle][\/et_pb_column][\/et_pb_row][\/et_pb_section]<\/p>\n","protected":false},"excerpt":{"rendered":"<p>&nbsp; &nbsp; &nbsp; &nbsp; &nbsp; Die eigene Erfolgsgeschichte schreiben Wie werde Menschen zu dem, was sie sind? Was treibt sie an? Was bremst sie aus? Wer wollen sie sein? Lebensgeschichten haben mich schon immer angezogen. So schrieb ich als Journalistin am liebsten \u00fcber Menschen und ihre Erlebnisse \u2013 beeindruckende, unglaubliche, lustige, liebenswerte, traurige. In Interviews [&hellip;]<\/p>\n","protected":false},"author":1,"featured_media":0,"parent":0,"menu_order":0,"comment_status":"closed","ping_status":"closed","template":"","meta":{"_et_pb_use_builder":"on","_et_pb_old_content":"","_et_gb_content_width":"","two_page_speed":null,"footnotes":""},"class_list":["post-44","page","type-page","status-publish","hentry"],"_links":{"self":[{"href":"https:\/\/jetzttext.de\/index.php\/wp-json\/wp\/v2\/pages\/44","targetHints":{"allow":["GET"]}}],"collection":[{"href":"https:\/\/jetzttext.de\/index.php\/wp-json\/wp\/v2\/pages"}],"about":[{"href":"https:\/\/jetzttext.de\/index.php\/wp-json\/wp\/v2\/types\/page"}],"author":[{"embeddable":true,"href":"https:\/\/jetzttext.de\/index.php\/wp-json\/wp\/v2\/users\/1"}],"replies":[{"embeddable":true,"href":"https:\/\/jetzttext.de\/index.php\/wp-json\/wp\/v2\/comments?post=44"}],"version-history":[{"count":52,"href":"https:\/\/jetzttext.de\/index.php\/wp-json\/wp\/v2\/pages\/44\/revisions"}],"predecessor-version":[{"id":649,"href":"https:\/\/jetzttext.de\/index.php\/wp-json\/wp\/v2\/pages\/44\/revisions\/649"}],"wp:attachment":[{"href":"https:\/\/jetzttext.de\/index.php\/wp-json\/wp\/v2\/media?parent=44"}],"curies":[{"name":"wp","href":"https:\/\/api.w.org\/{rel}","templated":true}]}}